{"id":111,"date":"2025-12-17T12:39:11","date_gmt":"2025-12-17T12:39:11","guid":{"rendered":"http:\/\/gvcproducoes.e-depo.com.br\/?page_id=111"},"modified":"2026-01-04T12:48:43","modified_gmt":"2026-01-04T12:48:43","slug":"sobre-contato","status":"publish","type":"page","link":"https:\/\/gvcproducoes.e-depo.com.br\/?page_id=111","title":{"rendered":"SOBRE\/CONTATO"},"content":{"rendered":"\n<figure class=\"wp-block-image size-large is-resized\"><img fetchpriority=\"high\" decoding=\"async\" width=\"769\" height=\"1024\" src=\"https:\/\/gvcproducoes.e-depo.com.br\/wp-content\/uploads\/2025\/12\/IMG-20250612-WA0477-1-769x1024.jpg\" alt=\"\" class=\"wp-image-239\" style=\"aspect-ratio:0.7506340805465554;width:494px;height:auto\" srcset=\"https:\/\/gvcproducoes.e-depo.com.br\/wp-content\/uploads\/2025\/12\/IMG-20250612-WA0477-1-769x1024.jpg 769w, https:\/\/gvcproducoes.e-depo.com.br\/wp-content\/uploads\/2025\/12\/IMG-20250612-WA0477-1-225x300.jpg 225w, https:\/\/gvcproducoes.e-depo.com.br\/wp-content\/uploads\/2025\/12\/IMG-20250612-WA0477-1-768x1023.jpg 768w, https:\/\/gvcproducoes.e-depo.com.br\/wp-content\/uploads\/2025\/12\/IMG-20250612-WA0477-1-1153x1536.jpg 1153w, https:\/\/gvcproducoes.e-depo.com.br\/wp-content\/uploads\/2025\/12\/IMG-20250612-WA0477-1.jpg 1201w\" sizes=\"(max-width: 769px) 100vw, 769px\" \/><\/figure>\n\n\n\n<p>Guilherme Vaisman \u00e9 escritor desde junho de 2020, a pandemia fez esse adolescente na \u00e9poca (16 anos na \u00e9poca) descobrir um hobby, que virou paix\u00e3o, ap\u00f3s 5 anos ele decide escrever hist\u00f3rias originais e cria a GVC Produ\u00e7\u00f5es.<\/p>\n\n\n\n<p>Formado em Gest\u00e3o Esportiva no ISCIA, em Aveiro, Portugal, onde reside atualmente, nascido e criado no Rio de Janeiro, morando em Portugal desde fevereiro de 2023, apaixonado por esportes e por hist\u00f3ria, Guilherme busca criar universos de fanfics e originais com o objetivo de mostrar aos leitores outras possibilidades, com hist\u00f3rias bem escritas e explorando bem os personagens, com hist\u00f3rias fortes e desenvolvendo de maneira mais simples dilemas fortes.<\/p>\n\n\n\n<p>Como pessoa Guilherme \u00e9 uma pessoa simples, timido pra quem conhece, mas sempre educado, quem o encontrar na rua pode ir falar com ele, ele ir\u00e1 tratar bem, mas ele gosta que respeitem seu espa\u00e7o.<\/p>\n\n\n\n<p>E-mail: <strong><a href=\"mailto:gvcproducoes@e-depo.com.br\">gvcproducoes@e-depo.com.br<\/a><\/strong><\/p>\n\n\n\n<p><\/p>\n","protected":false},"excerpt":{"rendered":"<p>Guilherme Vaisman \u00e9 escritor desde junho de 2020, a pandemia fez esse adolescente na \u00e9poca (16 anos na \u00e9poca) descobrir um hobby, que virou paix\u00e3o, ap\u00f3s 5 anos ele decide escrever hist\u00f3rias originais e cria a GVC Produ\u00e7\u00f5es. Formado em Gest\u00e3o Esportiva no ISCIA, em Aveiro, Portugal, onde reside atualmente, nascido e criado no Rio [&hellip;]<\/p>\n","protected":false},"author":1,"featured_media":0,"parent":0,"menu_order":0,"comment_status":"closed","ping_status":"closed","template":"","meta":{"footnotes":""},"class_list":["post-111","page","type-page","status-publish","hentry"],"jetpack_sharing_enabled":true,"_links":{"self":[{"href":"https:\/\/gvcproducoes.e-depo.com.br\/index.php?rest_route=\/wp\/v2\/pages\/111","targetHints":{"allow":["GET"]}}],"collection":[{"href":"https:\/\/gvcproducoes.e-depo.com.br\/index.php?rest_route=\/wp\/v2\/pages"}],"about":[{"href":"https:\/\/gvcproducoes.e-depo.com.br\/index.php?rest_route=\/wp\/v2\/types\/page"}],"author":[{"embeddable":true,"href":"https:\/\/gvcproducoes.e-depo.com.br\/index.php?rest_route=\/wp\/v2\/users\/1"}],"replies":[{"embeddable":true,"href":"https:\/\/gvcproducoes.e-depo.com.br\/index.php?rest_route=%2Fwp%2Fv2%2Fcomments&post=111"}],"version-history":[{"count":4,"href":"https:\/\/gvcproducoes.e-depo.com.br\/index.php?rest_route=\/wp\/v2\/pages\/111\/revisions"}],"predecessor-version":[{"id":265,"href":"https:\/\/gvcproducoes.e-depo.com.br\/index.php?rest_route=\/wp\/v2\/pages\/111\/revisions\/265"}],"wp:attachment":[{"href":"https:\/\/gvcproducoes.e-depo.com.br\/index.php?rest_route=%2Fwp%2Fv2%2Fmedia&parent=111"}],"curies":[{"name":"wp","href":"https:\/\/api.w.org\/{rel}","templated":true}]}}