{"id":131,"date":"2025-12-17T14:38:13","date_gmt":"2025-12-17T14:38:13","guid":{"rendered":"http:\/\/gvcproducoes.e-depo.com.br\/?page_id=131"},"modified":"2025-12-23T15:31:56","modified_gmt":"2025-12-23T15:31:56","slug":"ligacao-ancestral","status":"publish","type":"page","link":"https:\/\/gvcproducoes.e-depo.com.br\/?page_id=131","title":{"rendered":"Liga\u00e7\u00e3o Ancestral"},"content":{"rendered":"\n<figure class=\"wp-block-image size-large is-resized\"><img fetchpriority=\"high\" decoding=\"async\" width=\"683\" height=\"1024\" src=\"https:\/\/gvcproducoes.e-depo.com.br\/wp-content\/uploads\/2025\/12\/ChatGPT-Image-17-de-dez.-de-2025-13_50_01-1-683x1024.png\" alt=\"\" class=\"wp-image-132\" style=\"aspect-ratio:0.667001991831479;width:436px;height:auto\" srcset=\"https:\/\/gvcproducoes.e-depo.com.br\/wp-content\/uploads\/2025\/12\/ChatGPT-Image-17-de-dez.-de-2025-13_50_01-1-683x1024.png 683w, https:\/\/gvcproducoes.e-depo.com.br\/wp-content\/uploads\/2025\/12\/ChatGPT-Image-17-de-dez.-de-2025-13_50_01-1-200x300.png 200w, https:\/\/gvcproducoes.e-depo.com.br\/wp-content\/uploads\/2025\/12\/ChatGPT-Image-17-de-dez.-de-2025-13_50_01-1-768x1152.png 768w, https:\/\/gvcproducoes.e-depo.com.br\/wp-content\/uploads\/2025\/12\/ChatGPT-Image-17-de-dez.-de-2025-13_50_01-1.png 1024w\" sizes=\"(max-width: 683px) 100vw, 683px\" \/><\/figure>\n\n\n\n<p>Sinopse: Enid desaparece ap\u00f3s uma transforma\u00e7\u00e3o descontrolada, e Wandinha e tio Chico iniciam uma busca fren\u00e9tica.<br>Dexter Lester descobre que seus poderes perigosos podem ser a chave para encontr\u00e1-la, enquanto seu pai, temendo uma interven\u00e7\u00e3o da comunidade super-her\u00f3ica, pede ajuda \u00e0 Liga da Justi\u00e7a.<br>Com Lucas Prinston ao lado deles, segredos antigos das fam\u00edlias Addams, Frump e Lester v\u00eam \u00e0 tona \u2014 e a ca\u00e7ada por Enid pode desencadear um conflito que ningu\u00e9m est\u00e1 pronto para enfrentar.<\/p>\n\n\n\n<p>G\u00eanero: Aventura, a\u00e7\u00e3o, fic\u00e7\u00e3o, drama, romance<\/p>\n\n\n\n<p>Status: Em Andamento<\/p>\n\n\n\n<p>Universo: Addams\/DC<\/p>\n\n\n\n<p>Lista de cap\u00edtulos:<\/p>\n\n\n\n<p>1-2 magos e 1 lobo, a nova miss\u00e3o: <a href=\"https:\/\/gvcproducoes.e-depo.com.br\/?p=137\">https:\/\/gvcproducoes.e-depo.com.br\/?p=137<\/a><\/p>\n\n\n\n<p><\/p>\n","protected":false},"excerpt":{"rendered":"<p>Sinopse: Enid desaparece ap\u00f3s uma transforma\u00e7\u00e3o descontrolada, e Wandinha e tio Chico iniciam uma busca fren\u00e9tica.Dexter Lester descobre que seus poderes perigosos podem ser a chave para encontr\u00e1-la, enquanto seu pai, temendo uma interven\u00e7\u00e3o da comunidade super-her\u00f3ica, pede ajuda \u00e0 Liga da Justi\u00e7a.Com Lucas Prinston ao lado deles, segredos antigos das fam\u00edlias Addams, Frump e [&hellip;]<\/p>\n","protected":false},"author":1,"featured_media":0,"parent":0,"menu_order":0,"comment_status":"closed","ping_status":"closed","template":"","meta":{"footnotes":""},"class_list":["post-131","page","type-page","status-publish","hentry"],"jetpack_sharing_enabled":true,"_links":{"self":[{"href":"https:\/\/gvcproducoes.e-depo.com.br\/index.php?rest_route=\/wp\/v2\/pages\/131","targetHints":{"allow":["GET"]}}],"collection":[{"href":"https:\/\/gvcproducoes.e-depo.com.br\/index.php?rest_route=\/wp\/v2\/pages"}],"about":[{"href":"https:\/\/gvcproducoes.e-depo.com.br\/index.php?rest_route=\/wp\/v2\/types\/page"}],"author":[{"embeddable":true,"href":"https:\/\/gvcproducoes.e-depo.com.br\/index.php?rest_route=\/wp\/v2\/users\/1"}],"replies":[{"embeddable":true,"href":"https:\/\/gvcproducoes.e-depo.com.br\/index.php?rest_route=%2Fwp%2Fv2%2Fcomments&post=131"}],"version-history":[{"count":5,"href":"https:\/\/gvcproducoes.e-depo.com.br\/index.php?rest_route=\/wp\/v2\/pages\/131\/revisions"}],"predecessor-version":[{"id":202,"href":"https:\/\/gvcproducoes.e-depo.com.br\/index.php?rest_route=\/wp\/v2\/pages\/131\/revisions\/202"}],"wp:attachment":[{"href":"https:\/\/gvcproducoes.e-depo.com.br\/index.php?rest_route=%2Fwp%2Fv2%2Fmedia&parent=131"}],"curies":[{"name":"wp","href":"https:\/\/api.w.org\/{rel}","templated":true}]}}