{"id":143,"date":"2025-12-17T16:33:07","date_gmt":"2025-12-17T16:33:07","guid":{"rendered":"http:\/\/gvcproducoes.e-depo.com.br\/?page_id=143"},"modified":"2025-12-17T16:33:10","modified_gmt":"2025-12-17T16:33:10","slug":"universo-nick-flins","status":"publish","type":"page","link":"https:\/\/gvcproducoes.e-depo.com.br\/?page_id=143","title":{"rendered":"Universo Nick Flins"},"content":{"rendered":"\n<figure class=\"wp-block-image size-large is-resized\"><img fetchpriority=\"high\" decoding=\"async\" width=\"683\" height=\"1024\" src=\"https:\/\/gvcproducoes.e-depo.com.br\/wp-content\/uploads\/2025\/12\/ChatGPT-Image-17-de-dez.-de-2025-12_43_17-1-683x1024.png\" alt=\"\" class=\"wp-image-144\" style=\"width:582px;height:auto\" srcset=\"https:\/\/gvcproducoes.e-depo.com.br\/wp-content\/uploads\/2025\/12\/ChatGPT-Image-17-de-dez.-de-2025-12_43_17-1-683x1024.png 683w, https:\/\/gvcproducoes.e-depo.com.br\/wp-content\/uploads\/2025\/12\/ChatGPT-Image-17-de-dez.-de-2025-12_43_17-1-200x300.png 200w, https:\/\/gvcproducoes.e-depo.com.br\/wp-content\/uploads\/2025\/12\/ChatGPT-Image-17-de-dez.-de-2025-12_43_17-1-768x1152.png 768w, https:\/\/gvcproducoes.e-depo.com.br\/wp-content\/uploads\/2025\/12\/ChatGPT-Image-17-de-dez.-de-2025-12_43_17-1.png 1024w\" sizes=\"(max-width: 683px) 100vw, 683px\" \/><\/figure>\n\n\n\n<p>Resumo: Universo contando a hist\u00f3ria de um adolescente chamado Nick Flins, que ap\u00f3s ser atacado por r\u00f4bos esquisitos, ele embarca em uma jornada em busca de descobrir mais sobre si mesmo e aprender sobre seus poderes em uma academia misteriosa perto de Dallas.<\/p>\n\n\n\n<p>Hist\u00f3rias:<\/p>\n\n\n\n<p>1-Academia do bem:<\/p>\n","protected":false},"excerpt":{"rendered":"<p>Resumo: Universo contando a hist\u00f3ria de um adolescente chamado Nick Flins, que ap\u00f3s ser atacado por r\u00f4bos esquisitos, ele embarca em uma jornada em busca de descobrir mais sobre si mesmo e aprender sobre seus poderes em uma academia misteriosa perto de Dallas. Hist\u00f3rias: 1-Academia do bem:<\/p>\n","protected":false},"author":1,"featured_media":0,"parent":0,"menu_order":0,"comment_status":"closed","ping_status":"closed","template":"","meta":{"footnotes":""},"class_list":["post-143","page","type-page","status-publish","hentry"],"jetpack_sharing_enabled":true,"_links":{"self":[{"href":"https:\/\/gvcproducoes.e-depo.com.br\/index.php?rest_route=\/wp\/v2\/pages\/143","targetHints":{"allow":["GET"]}}],"collection":[{"href":"https:\/\/gvcproducoes.e-depo.com.br\/index.php?rest_route=\/wp\/v2\/pages"}],"about":[{"href":"https:\/\/gvcproducoes.e-depo.com.br\/index.php?rest_route=\/wp\/v2\/types\/page"}],"author":[{"embeddable":true,"href":"https:\/\/gvcproducoes.e-depo.com.br\/index.php?rest_route=\/wp\/v2\/users\/1"}],"replies":[{"embeddable":true,"href":"https:\/\/gvcproducoes.e-depo.com.br\/index.php?rest_route=%2Fwp%2Fv2%2Fcomments&post=143"}],"version-history":[{"count":1,"href":"https:\/\/gvcproducoes.e-depo.com.br\/index.php?rest_route=\/wp\/v2\/pages\/143\/revisions"}],"predecessor-version":[{"id":146,"href":"https:\/\/gvcproducoes.e-depo.com.br\/index.php?rest_route=\/wp\/v2\/pages\/143\/revisions\/146"}],"wp:attachment":[{"href":"https:\/\/gvcproducoes.e-depo.com.br\/index.php?rest_route=%2Fwp%2Fv2%2Fmedia&parent=143"}],"curies":[{"name":"wp","href":"https:\/\/api.w.org\/{rel}","templated":true}]}}