{"id":149,"date":"2025-12-18T14:07:19","date_gmt":"2025-12-18T14:07:19","guid":{"rendered":"http:\/\/gvcproducoes.e-depo.com.br\/?page_id=149"},"modified":"2025-12-18T17:30:00","modified_gmt":"2025-12-18T17:30:00","slug":"universo-naruto-black-clover","status":"publish","type":"page","link":"https:\/\/gvcproducoes.e-depo.com.br\/?page_id=149","title":{"rendered":"Universo Naruto\/Black Clover"},"content":{"rendered":"\n<figure class=\"wp-block-image size-large is-resized\"><img fetchpriority=\"high\" decoding=\"async\" width=\"683\" height=\"1024\" src=\"https:\/\/gvcproducoes.e-depo.com.br\/wp-content\/uploads\/2025\/12\/ChatGPT-Image-18-de-dez.-de-2025-13_19_54-683x1024.png\" alt=\"\" class=\"wp-image-150\" style=\"width:579px;height:auto\" srcset=\"https:\/\/gvcproducoes.e-depo.com.br\/wp-content\/uploads\/2025\/12\/ChatGPT-Image-18-de-dez.-de-2025-13_19_54-683x1024.png 683w, https:\/\/gvcproducoes.e-depo.com.br\/wp-content\/uploads\/2025\/12\/ChatGPT-Image-18-de-dez.-de-2025-13_19_54-200x300.png 200w, https:\/\/gvcproducoes.e-depo.com.br\/wp-content\/uploads\/2025\/12\/ChatGPT-Image-18-de-dez.-de-2025-13_19_54-768x1152.png 768w, https:\/\/gvcproducoes.e-depo.com.br\/wp-content\/uploads\/2025\/12\/ChatGPT-Image-18-de-dez.-de-2025-13_19_54.png 1024w\" sizes=\"(max-width: 683px) 100vw, 683px\" \/><\/figure>\n\n\n\n<p>Resumo: Universo unindo Naruto e Black Clover, na qual Naruto e seu tio Yuuto se juntam em busca de respostas. vingan\u00e7a e justi\u00e7a 25 anos depois de um ataque no Pa\u00eds do Redemoinho.<\/p>\n\n\n\n<p>Fanfics: <\/p>\n\n\n\n<p>1-Uzumaki: A busca por vingan\u00e7a e justi\u00e7a- <\/p>\n\n\n\n<p><\/p>\n","protected":false},"excerpt":{"rendered":"<p>Resumo: Universo unindo Naruto e Black Clover, na qual Naruto e seu tio Yuuto se juntam em busca de respostas. vingan\u00e7a e justi\u00e7a 25 anos depois de um ataque no Pa\u00eds do Redemoinho. Fanfics: 1-Uzumaki: A busca por vingan\u00e7a e justi\u00e7a-<\/p>\n","protected":false},"author":1,"featured_media":0,"parent":0,"menu_order":0,"comment_status":"closed","ping_status":"closed","template":"","meta":{"footnotes":""},"class_list":["post-149","page","type-page","status-publish","hentry"],"jetpack_sharing_enabled":true,"_links":{"self":[{"href":"https:\/\/gvcproducoes.e-depo.com.br\/index.php?rest_route=\/wp\/v2\/pages\/149","targetHints":{"allow":["GET"]}}],"collection":[{"href":"https:\/\/gvcproducoes.e-depo.com.br\/index.php?rest_route=\/wp\/v2\/pages"}],"about":[{"href":"https:\/\/gvcproducoes.e-depo.com.br\/index.php?rest_route=\/wp\/v2\/types\/page"}],"author":[{"embeddable":true,"href":"https:\/\/gvcproducoes.e-depo.com.br\/index.php?rest_route=\/wp\/v2\/users\/1"}],"replies":[{"embeddable":true,"href":"https:\/\/gvcproducoes.e-depo.com.br\/index.php?rest_route=%2Fwp%2Fv2%2Fcomments&post=149"}],"version-history":[{"count":1,"href":"https:\/\/gvcproducoes.e-depo.com.br\/index.php?rest_route=\/wp\/v2\/pages\/149\/revisions"}],"predecessor-version":[{"id":151,"href":"https:\/\/gvcproducoes.e-depo.com.br\/index.php?rest_route=\/wp\/v2\/pages\/149\/revisions\/151"}],"wp:attachment":[{"href":"https:\/\/gvcproducoes.e-depo.com.br\/index.php?rest_route=%2Fwp%2Fv2%2Fmedia&parent=149"}],"curies":[{"name":"wp","href":"https:\/\/api.w.org\/{rel}","templated":true}]}}