{"id":153,"date":"2025-12-18T17:13:27","date_gmt":"2025-12-18T17:13:27","guid":{"rendered":"http:\/\/gvcproducoes.e-depo.com.br\/?page_id=153"},"modified":"2025-12-18T17:13:29","modified_gmt":"2025-12-18T17:13:29","slug":"universo-vaisman","status":"publish","type":"page","link":"https:\/\/gvcproducoes.e-depo.com.br\/?page_id=153","title":{"rendered":"Universo Vaisman"},"content":{"rendered":"\n<figure class=\"wp-block-image size-large is-resized\"><img fetchpriority=\"high\" decoding=\"async\" width=\"683\" height=\"1024\" src=\"https:\/\/gvcproducoes.e-depo.com.br\/wp-content\/uploads\/2025\/12\/ChatGPT-Image-18-de-dez.-de-2025-15_43_09-683x1024.png\" alt=\"\" class=\"wp-image-157\" style=\"width:516px;height:auto\" srcset=\"https:\/\/gvcproducoes.e-depo.com.br\/wp-content\/uploads\/2025\/12\/ChatGPT-Image-18-de-dez.-de-2025-15_43_09-683x1024.png 683w, https:\/\/gvcproducoes.e-depo.com.br\/wp-content\/uploads\/2025\/12\/ChatGPT-Image-18-de-dez.-de-2025-15_43_09-200x300.png 200w, https:\/\/gvcproducoes.e-depo.com.br\/wp-content\/uploads\/2025\/12\/ChatGPT-Image-18-de-dez.-de-2025-15_43_09-768x1152.png 768w, https:\/\/gvcproducoes.e-depo.com.br\/wp-content\/uploads\/2025\/12\/ChatGPT-Image-18-de-dez.-de-2025-15_43_09.png 1024w\" sizes=\"(max-width: 683px) 100vw, 683px\" \/><\/figure>\n\n\n\n<p>Resumo: Esse universo de fanfics \u00e9 o que eu considero como meu maior trabalho com fanfics, conta a hist\u00f3ria de um empres\u00e1rio brasileiro naturalizado americano chamado Guilherme Vaisman, esse universo n\u00e3o s\u00f3 aborda a vida dele, mas tamb\u00e9m de sua fam\u00edlia e amigos, se preparem pra um universo onde misturo drama, hist\u00f3ria, romance, a\u00e7\u00e3o, drama empresarial, drama politico.<\/p>\n\n\n\n<p>Hist\u00f3rias: <\/p>\n\n\n\n<p>1-Comandante Vaisman:<\/p>\n","protected":false},"excerpt":{"rendered":"<p>Resumo: Esse universo de fanfics \u00e9 o que eu considero como meu maior trabalho com fanfics, conta a hist\u00f3ria de um empres\u00e1rio brasileiro naturalizado americano chamado Guilherme Vaisman, esse universo n\u00e3o s\u00f3 aborda a vida dele, mas tamb\u00e9m de sua fam\u00edlia e amigos, se preparem pra um universo onde misturo drama, hist\u00f3ria, romance, a\u00e7\u00e3o, drama [&hellip;]<\/p>\n","protected":false},"author":1,"featured_media":0,"parent":0,"menu_order":0,"comment_status":"closed","ping_status":"closed","template":"","meta":{"footnotes":""},"class_list":["post-153","page","type-page","status-publish","hentry"],"jetpack_sharing_enabled":true,"_links":{"self":[{"href":"https:\/\/gvcproducoes.e-depo.com.br\/index.php?rest_route=\/wp\/v2\/pages\/153","targetHints":{"allow":["GET"]}}],"collection":[{"href":"https:\/\/gvcproducoes.e-depo.com.br\/index.php?rest_route=\/wp\/v2\/pages"}],"about":[{"href":"https:\/\/gvcproducoes.e-depo.com.br\/index.php?rest_route=\/wp\/v2\/types\/page"}],"author":[{"embeddable":true,"href":"https:\/\/gvcproducoes.e-depo.com.br\/index.php?rest_route=\/wp\/v2\/users\/1"}],"replies":[{"embeddable":true,"href":"https:\/\/gvcproducoes.e-depo.com.br\/index.php?rest_route=%2Fwp%2Fv2%2Fcomments&post=153"}],"version-history":[{"count":1,"href":"https:\/\/gvcproducoes.e-depo.com.br\/index.php?rest_route=\/wp\/v2\/pages\/153\/revisions"}],"predecessor-version":[{"id":159,"href":"https:\/\/gvcproducoes.e-depo.com.br\/index.php?rest_route=\/wp\/v2\/pages\/153\/revisions\/159"}],"wp:attachment":[{"href":"https:\/\/gvcproducoes.e-depo.com.br\/index.php?rest_route=%2Fwp%2Fv2%2Fmedia&parent=153"}],"curies":[{"name":"wp","href":"https:\/\/api.w.org\/{rel}","templated":true}]}}