{"id":160,"date":"2025-12-18T17:12:04","date_gmt":"2025-12-18T17:12:04","guid":{"rendered":"http:\/\/gvcproducoes.e-depo.com.br\/?page_id=160"},"modified":"2025-12-18T17:12:07","modified_gmt":"2025-12-18T17:12:07","slug":"universo-fenix","status":"publish","type":"page","link":"https:\/\/gvcproducoes.e-depo.com.br\/?page_id=160","title":{"rendered":"Universo F\u00eanix"},"content":{"rendered":"\n<figure class=\"wp-block-image size-large is-resized\"><img fetchpriority=\"high\" decoding=\"async\" width=\"683\" height=\"1024\" src=\"https:\/\/gvcproducoes.e-depo.com.br\/wp-content\/uploads\/2025\/12\/ChatGPT-Image-18-de-dez.-de-2025-14_02_23-683x1024.png\" alt=\"\" class=\"wp-image-161\" style=\"width:512px;height:auto\" srcset=\"https:\/\/gvcproducoes.e-depo.com.br\/wp-content\/uploads\/2025\/12\/ChatGPT-Image-18-de-dez.-de-2025-14_02_23-683x1024.png 683w, https:\/\/gvcproducoes.e-depo.com.br\/wp-content\/uploads\/2025\/12\/ChatGPT-Image-18-de-dez.-de-2025-14_02_23-200x300.png 200w, https:\/\/gvcproducoes.e-depo.com.br\/wp-content\/uploads\/2025\/12\/ChatGPT-Image-18-de-dez.-de-2025-14_02_23-768x1152.png 768w, https:\/\/gvcproducoes.e-depo.com.br\/wp-content\/uploads\/2025\/12\/ChatGPT-Image-18-de-dez.-de-2025-14_02_23.png 1024w\" sizes=\"(max-width: 683px) 100vw, 683px\" \/><\/figure>\n\n\n\n<p>Resumo: Esse universo conta a hist\u00f3ria de um jovem jogador de basquete que deve se encontrar e sair da sombra de seu pai, indo para o col\u00e9gio onde seu pai \u00e9 idolo e criando seu pr\u00f3prio legado, acompanhe essa jornada com um toque de drama esportivo, romance, romance esportivo, romance esportivo jovem, drama jovem-<\/p>\n\n\n\n<p>Hist\u00f3rias:<\/p>\n\n\n\n<p>1- A volta da F\u00eanix:<\/p>\n","protected":false},"excerpt":{"rendered":"<p>Resumo: Esse universo conta a hist\u00f3ria de um jovem jogador de basquete que deve se encontrar e sair da sombra de seu pai, indo para o col\u00e9gio onde seu pai \u00e9 idolo e criando seu pr\u00f3prio legado, acompanhe essa jornada com um toque de drama esportivo, romance, romance esportivo, romance esportivo jovem, drama jovem- Hist\u00f3rias: [&hellip;]<\/p>\n","protected":false},"author":1,"featured_media":0,"parent":0,"menu_order":0,"comment_status":"closed","ping_status":"closed","template":"","meta":{"footnotes":""},"class_list":["post-160","page","type-page","status-publish","hentry"],"jetpack_sharing_enabled":true,"_links":{"self":[{"href":"https:\/\/gvcproducoes.e-depo.com.br\/index.php?rest_route=\/wp\/v2\/pages\/160","targetHints":{"allow":["GET"]}}],"collection":[{"href":"https:\/\/gvcproducoes.e-depo.com.br\/index.php?rest_route=\/wp\/v2\/pages"}],"about":[{"href":"https:\/\/gvcproducoes.e-depo.com.br\/index.php?rest_route=\/wp\/v2\/types\/page"}],"author":[{"embeddable":true,"href":"https:\/\/gvcproducoes.e-depo.com.br\/index.php?rest_route=\/wp\/v2\/users\/1"}],"replies":[{"embeddable":true,"href":"https:\/\/gvcproducoes.e-depo.com.br\/index.php?rest_route=%2Fwp%2Fv2%2Fcomments&post=160"}],"version-history":[{"count":1,"href":"https:\/\/gvcproducoes.e-depo.com.br\/index.php?rest_route=\/wp\/v2\/pages\/160\/revisions"}],"predecessor-version":[{"id":163,"href":"https:\/\/gvcproducoes.e-depo.com.br\/index.php?rest_route=\/wp\/v2\/pages\/160\/revisions\/163"}],"wp:attachment":[{"href":"https:\/\/gvcproducoes.e-depo.com.br\/index.php?rest_route=%2Fwp%2Fv2%2Fmedia&parent=160"}],"curies":[{"name":"wp","href":"https:\/\/api.w.org\/{rel}","templated":true}]}}