{"id":212,"date":"2025-12-24T16:27:55","date_gmt":"2025-12-24T16:27:55","guid":{"rendered":"http:\/\/gvcproducoes.e-depo.com.br\/?page_id=212"},"modified":"2025-12-24T16:27:58","modified_gmt":"2025-12-24T16:27:58","slug":"universo-naruto-winx","status":"publish","type":"page","link":"https:\/\/gvcproducoes.e-depo.com.br\/?page_id=212","title":{"rendered":"Universo Naruto\/Winx"},"content":{"rendered":"\n<figure class=\"wp-block-image size-large is-resized\"><img fetchpriority=\"high\" decoding=\"async\" width=\"683\" height=\"1024\" src=\"https:\/\/gvcproducoes.e-depo.com.br\/wp-content\/uploads\/2025\/12\/ChatGPT-Image-24-de-dez.-de-2025-14_14_40-1-683x1024.png\" alt=\"\" class=\"wp-image-213\" style=\"width:494px;height:auto\" srcset=\"https:\/\/gvcproducoes.e-depo.com.br\/wp-content\/uploads\/2025\/12\/ChatGPT-Image-24-de-dez.-de-2025-14_14_40-1-683x1024.png 683w, https:\/\/gvcproducoes.e-depo.com.br\/wp-content\/uploads\/2025\/12\/ChatGPT-Image-24-de-dez.-de-2025-14_14_40-1-200x300.png 200w, https:\/\/gvcproducoes.e-depo.com.br\/wp-content\/uploads\/2025\/12\/ChatGPT-Image-24-de-dez.-de-2025-14_14_40-1-768x1152.png 768w, https:\/\/gvcproducoes.e-depo.com.br\/wp-content\/uploads\/2025\/12\/ChatGPT-Image-24-de-dez.-de-2025-14_14_40-1.png 1024w\" sizes=\"(max-width: 683px) 100vw, 683px\" \/><\/figure>\n\n\n\n<p>Resumo: Universo envolvendo Naruto e Winx, se passando nos dias de hoje, sobre um jovem que se disfar\u00e7a de gar\u00e7om, mas \u00e9 um dos principais ninjas de Neo Konoha, vila ninja secreta em Gard\u00eania, acompanhe uma jornada misturando Naruto e Winx.<\/p>\n\n\n\n<p>Hist\u00f3rias:<\/p>\n\n\n\n<p>1-A alian\u00e7a do Redemoinho:<\/p>\n","protected":false},"excerpt":{"rendered":"<p>Resumo: Universo envolvendo Naruto e Winx, se passando nos dias de hoje, sobre um jovem que se disfar\u00e7a de gar\u00e7om, mas \u00e9 um dos principais ninjas de Neo Konoha, vila ninja secreta em Gard\u00eania, acompanhe uma jornada misturando Naruto e Winx. Hist\u00f3rias: 1-A alian\u00e7a do Redemoinho:<\/p>\n","protected":false},"author":1,"featured_media":0,"parent":0,"menu_order":0,"comment_status":"closed","ping_status":"closed","template":"","meta":{"footnotes":""},"class_list":["post-212","page","type-page","status-publish","hentry"],"jetpack_sharing_enabled":true,"_links":{"self":[{"href":"https:\/\/gvcproducoes.e-depo.com.br\/index.php?rest_route=\/wp\/v2\/pages\/212","targetHints":{"allow":["GET"]}}],"collection":[{"href":"https:\/\/gvcproducoes.e-depo.com.br\/index.php?rest_route=\/wp\/v2\/pages"}],"about":[{"href":"https:\/\/gvcproducoes.e-depo.com.br\/index.php?rest_route=\/wp\/v2\/types\/page"}],"author":[{"embeddable":true,"href":"https:\/\/gvcproducoes.e-depo.com.br\/index.php?rest_route=\/wp\/v2\/users\/1"}],"replies":[{"embeddable":true,"href":"https:\/\/gvcproducoes.e-depo.com.br\/index.php?rest_route=%2Fwp%2Fv2%2Fcomments&post=212"}],"version-history":[{"count":1,"href":"https:\/\/gvcproducoes.e-depo.com.br\/index.php?rest_route=\/wp\/v2\/pages\/212\/revisions"}],"predecessor-version":[{"id":215,"href":"https:\/\/gvcproducoes.e-depo.com.br\/index.php?rest_route=\/wp\/v2\/pages\/212\/revisions\/215"}],"wp:attachment":[{"href":"https:\/\/gvcproducoes.e-depo.com.br\/index.php?rest_route=%2Fwp%2Fv2%2Fmedia&parent=212"}],"curies":[{"name":"wp","href":"https:\/\/api.w.org\/{rel}","templated":true}]}}