{"id":351,"date":"2026-01-26T16:47:14","date_gmt":"2026-01-26T16:47:14","guid":{"rendered":"https:\/\/gvcproducoes.e-depo.com.br\/?page_id=351"},"modified":"2026-01-30T17:08:35","modified_gmt":"2026-01-30T17:08:35","slug":"vaisman-wiki","status":"publish","type":"page","link":"https:\/\/gvcproducoes.e-depo.com.br\/?page_id=351","title":{"rendered":"Vaisman Wiki"},"content":{"rendered":"\n<blockquote class=\"wp-block-quote is-layout-flow wp-block-quote-is-layout-flow\">\n<p><strong>A Wiki Vaisman \u00e9 a enciclop\u00e9dia oficial do Universo GVC.<\/strong><br>Aqui est\u00e3o reunidas informa\u00e7\u00f5es can\u00f4nicas sobre personagens, universos, eventos e linhas do tempo que comp\u00f5em as hist\u00f3rias originais criadas por Guilherme Vaisman.<\/p>\n\n\n\n<p>O conte\u00fado das fanfics \u00e9 gratuito, o das hist\u00f3rias originais \u00e9 exclusivo para os assinantes.<\/p>\n<\/blockquote>\n\n\n\n<p>T\u00f3picos:<\/p>\n\n\n\n<p>Universos: <a href=\"https:\/\/gvcproducoes.e-depo.com.br\/?page_id=357\" data-type=\"page\" data-id=\"357\">Wiki Universos<\/a><\/p>\n\n\n\n<p><\/p>\n","protected":false},"excerpt":{"rendered":"<p>A Wiki Vaisman \u00e9 a enciclop\u00e9dia oficial do Universo GVC.Aqui est\u00e3o reunidas informa\u00e7\u00f5es can\u00f4nicas sobre personagens, universos, eventos e linhas do tempo que comp\u00f5em as hist\u00f3rias originais criadas por Guilherme Vaisman. O conte\u00fado das fanfics \u00e9 gratuito, o das hist\u00f3rias originais \u00e9 exclusivo para os assinantes. T\u00f3picos: Universos: Wiki Universos<\/p>\n","protected":false},"author":1,"featured_media":0,"parent":0,"menu_order":0,"comment_status":"closed","ping_status":"closed","template":"","meta":{"footnotes":""},"class_list":["post-351","page","type-page","status-publish","hentry"],"jetpack_sharing_enabled":true,"_links":{"self":[{"href":"https:\/\/gvcproducoes.e-depo.com.br\/index.php?rest_route=\/wp\/v2\/pages\/351","targetHints":{"allow":["GET"]}}],"collection":[{"href":"https:\/\/gvcproducoes.e-depo.com.br\/index.php?rest_route=\/wp\/v2\/pages"}],"about":[{"href":"https:\/\/gvcproducoes.e-depo.com.br\/index.php?rest_route=\/wp\/v2\/types\/page"}],"author":[{"embeddable":true,"href":"https:\/\/gvcproducoes.e-depo.com.br\/index.php?rest_route=\/wp\/v2\/users\/1"}],"replies":[{"embeddable":true,"href":"https:\/\/gvcproducoes.e-depo.com.br\/index.php?rest_route=%2Fwp%2Fv2%2Fcomments&post=351"}],"version-history":[{"count":2,"href":"https:\/\/gvcproducoes.e-depo.com.br\/index.php?rest_route=\/wp\/v2\/pages\/351\/revisions"}],"predecessor-version":[{"id":382,"href":"https:\/\/gvcproducoes.e-depo.com.br\/index.php?rest_route=\/wp\/v2\/pages\/351\/revisions\/382"}],"wp:attachment":[{"href":"https:\/\/gvcproducoes.e-depo.com.br\/index.php?rest_route=%2Fwp%2Fv2%2Fmedia&parent=351"}],"curies":[{"name":"wp","href":"https:\/\/api.w.org\/{rel}","templated":true}]}}