{"id":357,"date":"2026-01-26T16:46:28","date_gmt":"2026-01-26T16:46:28","guid":{"rendered":"https:\/\/gvcproducoes.e-depo.com.br\/?page_id=357"},"modified":"2026-01-30T17:06:49","modified_gmt":"2026-01-30T17:06:49","slug":"wiki-universos","status":"publish","type":"page","link":"https:\/\/gvcproducoes.e-depo.com.br\/?page_id=357","title":{"rendered":"Wiki Universos"},"content":{"rendered":"\n<p>A <strong>Wiki Universos<\/strong> re\u00fane universos de fic\u00e7\u00e3o distintos criados no \u00e2mbito da GVC Produ\u00e7\u00f5es.<br>Cada universo possui identidade pr\u00f3pria, regras internas e narrativas independentes, n\u00e3o existindo um multiverso unificado entre eles.<\/p>\n\n\n\n<p>Obs: Os Universos que n\u00baao tiverem link est\u00e3o em produ\u00e7\u00e3o.<\/p>\n\n\n\n<p>Lista de Universos:<\/p>\n\n\n\n<p>Universo Vaisman: <\/p>\n\n\n\n<p>Status: Universo Principal<\/p>\n\n\n\n<p>G\u00eanero: Pol\u00edtico \/ hist\u00f3rico \/ fic\u00e7\u00e3o contempor\u00e2nea\/Drama<\/p>\n\n\n\n<p>Resumo: Universo contando a hist\u00f3ria do empres\u00e1rio Guilherme Vaisman e sua familia e amigos, mostrando bastidores de uma das fam\u00edlias mais influentes do Universo Vaisman.<\/p>\n\n\n\n<p>Universo DC X Wandinha:<a href=\" https:\/\/gvcproducoes.e-depo.com.br\/?page_id=367\"> https:\/\/gvcproducoes.e-depo.com.br\/?page_id=367<\/a><\/p>\n\n\n\n<p>Status: Universo independente<\/p>\n\n\n\n<p>G\u00eanero: Terror\/A\u00e7\u00e3o\/ Aventura\/Drama\/Fic\u00e7\u00e3o<\/p>\n\n\n\n<p>Resumo: Universo unindo Liga da Justi\u00e7a e Wandinha e seus aliados em v\u00e1rias aventuras, misturando terror, fic\u00e7\u00e3o cientifica e a\u00e7\u00e3o, al\u00e9m de drama e aventura.<\/p>\n\n\n\n<p>Universo Naruto x Winx: <\/p>\n\n\n\n<p>Status: Universo independente<\/p>\n\n\n\n<p>G\u00eanero: Fantasia, fantasia juvenil, a\u00e7\u00e3o<\/p>\n\n\n\n<p>Resumo: Universo unindo Naruto e Winx, com eles enfrentando vil\u00f5es poderosos juntos, espere uma jornada cheia de magia, jutsus e aventura.<\/p>\n\n\n\n<p>Universo F\u00eanix:<\/p>\n\n\n\n<p>Status: Universo independente<\/p>\n\n\n\n<p>G\u00eanero: Esportes, drama teen, drama esportivo, romance<\/p>\n\n\n\n<p>Resumo: Universo contando a hist\u00f3ria de uma grande promessa do basquete americano, e sua fam\u00edlia e amigos.<\/p>\n\n\n\n<p><\/p>\n","protected":false},"excerpt":{"rendered":"<p>A Wiki Universos re\u00fane universos de fic\u00e7\u00e3o distintos criados no \u00e2mbito da GVC Produ\u00e7\u00f5es.Cada universo possui identidade pr\u00f3pria, regras internas e narrativas independentes, n\u00e3o existindo um multiverso unificado entre eles. Obs: Os Universos que n\u00baao tiverem link est\u00e3o em produ\u00e7\u00e3o. Lista de Universos: Universo Vaisman: Status: Universo Principal G\u00eanero: Pol\u00edtico \/ hist\u00f3rico \/ fic\u00e7\u00e3o contempor\u00e2nea\/Drama [&hellip;]<\/p>\n","protected":false},"author":1,"featured_media":0,"parent":0,"menu_order":0,"comment_status":"closed","ping_status":"closed","template":"","meta":{"footnotes":""},"class_list":["post-357","page","type-page","status-publish","hentry"],"jetpack_sharing_enabled":true,"_links":{"self":[{"href":"https:\/\/gvcproducoes.e-depo.com.br\/index.php?rest_route=\/wp\/v2\/pages\/357","targetHints":{"allow":["GET"]}}],"collection":[{"href":"https:\/\/gvcproducoes.e-depo.com.br\/index.php?rest_route=\/wp\/v2\/pages"}],"about":[{"href":"https:\/\/gvcproducoes.e-depo.com.br\/index.php?rest_route=\/wp\/v2\/types\/page"}],"author":[{"embeddable":true,"href":"https:\/\/gvcproducoes.e-depo.com.br\/index.php?rest_route=\/wp\/v2\/users\/1"}],"replies":[{"embeddable":true,"href":"https:\/\/gvcproducoes.e-depo.com.br\/index.php?rest_route=%2Fwp%2Fv2%2Fcomments&post=357"}],"version-history":[{"count":2,"href":"https:\/\/gvcproducoes.e-depo.com.br\/index.php?rest_route=\/wp\/v2\/pages\/357\/revisions"}],"predecessor-version":[{"id":380,"href":"https:\/\/gvcproducoes.e-depo.com.br\/index.php?rest_route=\/wp\/v2\/pages\/357\/revisions\/380"}],"wp:attachment":[{"href":"https:\/\/gvcproducoes.e-depo.com.br\/index.php?rest_route=%2Fwp%2Fv2%2Fmedia&parent=357"}],"curies":[{"name":"wp","href":"https:\/\/api.w.org\/{rel}","templated":true}]}}