{"id":367,"date":"2026-01-30T17:03:18","date_gmt":"2026-01-30T17:03:18","guid":{"rendered":"http:\/\/gvcproducoes.e-depo.com.br\/?page_id=367"},"modified":"2026-01-30T18:07:12","modified_gmt":"2026-01-30T18:07:12","slug":"universo-dc-x-wandinha-wiki","status":"publish","type":"page","link":"https:\/\/gvcproducoes.e-depo.com.br\/?page_id=367","title":{"rendered":"Universo DC X Wandinha Wiki"},"content":{"rendered":"\n<figure class=\"wp-block-image size-large is-resized\"><img fetchpriority=\"high\" decoding=\"async\" width=\"683\" height=\"1024\" src=\"https:\/\/gvcproducoes.e-depo.com.br\/wp-content\/uploads\/2026\/01\/Universo-Wandinha-x-DC-683x1024.png\" alt=\"\" class=\"wp-image-372\" style=\"width:458px;height:auto\" srcset=\"https:\/\/gvcproducoes.e-depo.com.br\/wp-content\/uploads\/2026\/01\/Universo-Wandinha-x-DC-683x1024.png 683w, https:\/\/gvcproducoes.e-depo.com.br\/wp-content\/uploads\/2026\/01\/Universo-Wandinha-x-DC-200x300.png 200w, https:\/\/gvcproducoes.e-depo.com.br\/wp-content\/uploads\/2026\/01\/Universo-Wandinha-x-DC-768x1152.png 768w, https:\/\/gvcproducoes.e-depo.com.br\/wp-content\/uploads\/2026\/01\/Universo-Wandinha-x-DC.png 1024w\" sizes=\"(max-width: 683px) 100vw, 683px\" \/><\/figure>\n\n\n\n<p>Universo unindo Wandinha e Liga da justi\u00e7a, focando em uma dupla de pai e filho, magos poderosos que enfrentam v\u00e1rias aventurar envolvendo o sobrenatural e vil\u00f5es.<\/p>\n\n\n\n<p>G\u00eanero: Aventura, sobrenatural, fic\u00e7\u00e3o sobrenatural.<\/p>\n\n\n\n<p>Fanfics:<\/p>\n\n\n\n<p>1- Liga\u00e7\u00e3o Ancestral:<a href=\"https:\/\/gvcproducoes.e-depo.com.br\/?page_id=375\" data-type=\"page\" data-id=\"375\">Liga\u00e7\u00e3o Ancestral Wiki<\/a><\/p>\n\n\n\n<p>Enid fugiu ap\u00f3s se transformar em Lua Cheia, e Wandinha foi atr\u00e1s dela, mas seus pais mandam uma dupla com uma amiga pra ajudar a procurar e salvar a Alfa de amea\u00e7as perigosas.<\/p>\n\n\n\n<p><\/p>\n\n\n\n<p>Personagens Notaveis:<\/p>\n\n\n\n<p>Dexter Lester: <a href=\"https:\/\/gvcproducoes.e-depo.com.br\/?page_id=386\" data-type=\"page\" data-id=\"386\">Dexter Lester<\/a><\/p>\n\n\n\n<p><\/p>\n\n\n\n<p>Status: Ativa<\/p>\n","protected":false},"excerpt":{"rendered":"<p>Universo unindo Wandinha e Liga da justi\u00e7a, focando em uma dupla de pai e filho, magos poderosos que enfrentam v\u00e1rias aventurar envolvendo o sobrenatural e vil\u00f5es. G\u00eanero: Aventura, sobrenatural, fic\u00e7\u00e3o sobrenatural. Fanfics: 1- Liga\u00e7\u00e3o Ancestral:Liga\u00e7\u00e3o Ancestral Wiki Enid fugiu ap\u00f3s se transformar em Lua Cheia, e Wandinha foi atr\u00e1s dela, mas seus pais mandam uma [&hellip;]<\/p>\n","protected":false},"author":1,"featured_media":0,"parent":0,"menu_order":0,"comment_status":"closed","ping_status":"closed","template":"","meta":{"footnotes":""},"class_list":["post-367","page","type-page","status-publish","hentry"],"jetpack_sharing_enabled":true,"_links":{"self":[{"href":"https:\/\/gvcproducoes.e-depo.com.br\/index.php?rest_route=\/wp\/v2\/pages\/367","targetHints":{"allow":["GET"]}}],"collection":[{"href":"https:\/\/gvcproducoes.e-depo.com.br\/index.php?rest_route=\/wp\/v2\/pages"}],"about":[{"href":"https:\/\/gvcproducoes.e-depo.com.br\/index.php?rest_route=\/wp\/v2\/types\/page"}],"author":[{"embeddable":true,"href":"https:\/\/gvcproducoes.e-depo.com.br\/index.php?rest_route=\/wp\/v2\/users\/1"}],"replies":[{"embeddable":true,"href":"https:\/\/gvcproducoes.e-depo.com.br\/index.php?rest_route=%2Fwp%2Fv2%2Fcomments&post=367"}],"version-history":[{"count":3,"href":"https:\/\/gvcproducoes.e-depo.com.br\/index.php?rest_route=\/wp\/v2\/pages\/367\/revisions"}],"predecessor-version":[{"id":396,"href":"https:\/\/gvcproducoes.e-depo.com.br\/index.php?rest_route=\/wp\/v2\/pages\/367\/revisions\/396"}],"wp:attachment":[{"href":"https:\/\/gvcproducoes.e-depo.com.br\/index.php?rest_route=%2Fwp%2Fv2%2Fmedia&parent=367"}],"curies":[{"name":"wp","href":"https:\/\/api.w.org\/{rel}","templated":true}]}}