{"id":375,"date":"2026-01-30T17:51:02","date_gmt":"2026-01-30T17:51:02","guid":{"rendered":"https:\/\/gvcproducoes.e-depo.com.br\/?page_id=375"},"modified":"2026-01-30T17:52:02","modified_gmt":"2026-01-30T17:52:02","slug":"ligacao-ancestral-2","status":"publish","type":"page","link":"https:\/\/gvcproducoes.e-depo.com.br\/?page_id=375","title":{"rendered":"Liga\u00e7\u00e3o Ancestral Wiki"},"content":{"rendered":"\n<figure class=\"wp-block-image size-large is-resized\"><img fetchpriority=\"high\" decoding=\"async\" width=\"683\" height=\"1024\" src=\"https:\/\/gvcproducoes.e-depo.com.br\/wp-content\/uploads\/2026\/01\/Universo-Wandinha-x-DC-1-683x1024.png\" alt=\"\" class=\"wp-image-376\" style=\"width:519px;height:auto\" srcset=\"https:\/\/gvcproducoes.e-depo.com.br\/wp-content\/uploads\/2026\/01\/Universo-Wandinha-x-DC-1-683x1024.png 683w, https:\/\/gvcproducoes.e-depo.com.br\/wp-content\/uploads\/2026\/01\/Universo-Wandinha-x-DC-1-200x300.png 200w, https:\/\/gvcproducoes.e-depo.com.br\/wp-content\/uploads\/2026\/01\/Universo-Wandinha-x-DC-1-768x1152.png 768w, https:\/\/gvcproducoes.e-depo.com.br\/wp-content\/uploads\/2026\/01\/Universo-Wandinha-x-DC-1.png 1024w\" sizes=\"(max-width: 683px) 100vw, 683px\" \/><\/figure>\n\n\n\n<p>Sinopse: Ap\u00f3s Enid fugir depois de sua transforma\u00e7\u00e3o, Wandinha e seu Tio Chico se juntam em busca dela. Enquanto isso, for\u00e7as maiores est\u00e3o atr\u00e1s dela tamb\u00e9m, e pra se precaver, Mort\u00edcia e Gomez chamam um velho amigo e seu filho pra ajudar.<\/p>\n\n\n\n<p>Universo:<a href=\"https:\/\/gvcproducoes.e-depo.com.br\/?page_id=367\" data-type=\"page\" data-id=\"367\">Universo DC X Wandinha Wiki<\/a><\/p>\n\n\n\n<p>G\u00eanero: Aventura, Sobrenatural, Fic\u00e7\u00e3o Sobrenatural<\/p>\n\n\n\n<p>Cap\u00edtulos: <\/p>\n\n\n\n<p>1- 2 magos e 1 loba, a nova miss\u00e3o: <a href=\"https:\/\/gvcproducoes.e-depo.com.br\/?p=137\">https:\/\/gvcproducoes.e-depo.com.br\/?p=137<\/a><\/p>\n\n\n\n<p>Personagens principais: <\/p>\n\n\n\n<p>Dexter Lester: <a href=\"https:\/\/gvcproducoes.e-depo.com.br\/?page_id=386\" data-type=\"page\" data-id=\"386\">Dexter Lester<\/a><\/p>\n\n\n\n<p><\/p>\n\n\n\n<p>Status: Em andamento<\/p>\n","protected":false},"excerpt":{"rendered":"<p>Sinopse: Ap\u00f3s Enid fugir depois de sua transforma\u00e7\u00e3o, Wandinha e seu Tio Chico se juntam em busca dela. Enquanto isso, for\u00e7as maiores est\u00e3o atr\u00e1s dela tamb\u00e9m, e pra se precaver, Mort\u00edcia e Gomez chamam um velho amigo e seu filho pra ajudar. Universo:Universo DC X Wandinha Wiki G\u00eanero: Aventura, Sobrenatural, Fic\u00e7\u00e3o Sobrenatural Cap\u00edtulos: 1- 2 [&hellip;]<\/p>\n","protected":false},"author":1,"featured_media":0,"parent":0,"menu_order":0,"comment_status":"closed","ping_status":"closed","template":"","meta":{"footnotes":""},"class_list":["post-375","page","type-page","status-publish","hentry"],"jetpack_sharing_enabled":true,"_links":{"self":[{"href":"https:\/\/gvcproducoes.e-depo.com.br\/index.php?rest_route=\/wp\/v2\/pages\/375","targetHints":{"allow":["GET"]}}],"collection":[{"href":"https:\/\/gvcproducoes.e-depo.com.br\/index.php?rest_route=\/wp\/v2\/pages"}],"about":[{"href":"https:\/\/gvcproducoes.e-depo.com.br\/index.php?rest_route=\/wp\/v2\/types\/page"}],"author":[{"embeddable":true,"href":"https:\/\/gvcproducoes.e-depo.com.br\/index.php?rest_route=\/wp\/v2\/users\/1"}],"replies":[{"embeddable":true,"href":"https:\/\/gvcproducoes.e-depo.com.br\/index.php?rest_route=%2Fwp%2Fv2%2Fcomments&post=375"}],"version-history":[{"count":3,"href":"https:\/\/gvcproducoes.e-depo.com.br\/index.php?rest_route=\/wp\/v2\/pages\/375\/revisions"}],"predecessor-version":[{"id":393,"href":"https:\/\/gvcproducoes.e-depo.com.br\/index.php?rest_route=\/wp\/v2\/pages\/375\/revisions\/393"}],"wp:attachment":[{"href":"https:\/\/gvcproducoes.e-depo.com.br\/index.php?rest_route=%2Fwp%2Fv2%2Fmedia&parent=375"}],"curies":[{"name":"wp","href":"https:\/\/api.w.org\/{rel}","templated":true}]}}