{"id":386,"date":"2026-01-30T17:50:25","date_gmt":"2026-01-30T17:50:25","guid":{"rendered":"https:\/\/gvcproducoes.e-depo.com.br\/?page_id=386"},"modified":"2026-01-30T17:50:28","modified_gmt":"2026-01-30T17:50:28","slug":"dexter-lester","status":"publish","type":"page","link":"https:\/\/gvcproducoes.e-depo.com.br\/?page_id=386","title":{"rendered":"Dexter Lester"},"content":{"rendered":"\n<figure class=\"wp-block-image size-large is-resized\"><img fetchpriority=\"high\" decoding=\"async\" width=\"683\" height=\"1024\" src=\"https:\/\/gvcproducoes.e-depo.com.br\/wp-content\/uploads\/2026\/01\/1002963673-683x1024.png\" alt=\"\" class=\"wp-image-387\" style=\"width:520px;height:auto\" srcset=\"https:\/\/gvcproducoes.e-depo.com.br\/wp-content\/uploads\/2026\/01\/1002963673-683x1024.png 683w, https:\/\/gvcproducoes.e-depo.com.br\/wp-content\/uploads\/2026\/01\/1002963673-200x300.png 200w, https:\/\/gvcproducoes.e-depo.com.br\/wp-content\/uploads\/2026\/01\/1002963673-768x1152.png 768w, https:\/\/gvcproducoes.e-depo.com.br\/wp-content\/uploads\/2026\/01\/1002963673.png 1024w\" sizes=\"(max-width: 683px) 100vw, 683px\" \/><\/figure>\n\n\n\n<p>Vis\u00e3o Geral: <\/p>\n\n\n\n<p>Filho de Bryan Lester, \u00e9 um mago com poderes desconhecidos que trabalha com o pai como Rastreador e ca\u00e7ador de Recompensas, melhor amigo de Lucas Prinston e velho amigo de Enid Sinclair.<\/p>\n\n\n\n<p>Personalidade: <\/p>\n\n\n\n<p>Calmo e observador, ele mant\u00e9m um olhar instenso e frio, sempre disposto a buscar investigar tudo.<\/p>\n\n\n\n<p>Hist\u00f3ria: <\/p>\n\n\n\n<p>Filho de Bryan Lester, um poderoso mago, melhor amigo de Lucas Pinston, Herdeiro da Matilha Prinston. velho amigo de Enid Sinclair<\/p>\n\n\n\n<p>Poderes e habilidades:<\/p>\n\n\n\n<p>Teleporte: <\/p>\n\n\n\n<p>Ele sabe se teletransportar, e teletransportar outras pessoas, para lugares que ele j\u00e1 passou.<\/p>\n\n\n\n<p>Tecnologo: <\/p>\n\n\n\n<p>Sabe usar tecnologia com maestria.<\/p>\n\n\n\n<p>Localiza\u00e7\u00e3o:<\/p>\n\n\n\n<p>Sabe usar mapas e gps, encontrando o melhor caminho o mais r\u00e1pido poss\u00edvel<\/p>\n\n\n\n<p>Relacionamentos:<\/p>\n\n\n\n<p>Bryan Lester:<\/p>\n\n\n\n<p>Bryan Lester \u00e9 pai de Dexter, mentor e parceiro dele.<\/p>\n\n\n\n<p>Lucas Prinston:<\/p>\n\n\n\n<p>Melhor amigo de Dexter Prinston, eles compartilham tudo.<\/p>\n\n\n\n<p>Agnes Demille:<\/p>\n\n\n\n<p>Parceira tempor\u00e1ria de Dexter e Bryan.<\/p>\n\n\n\n<p>Enid Sinclair:<\/p>\n\n\n\n<p>Velha amiga de Dexter.<\/p>\n\n\n\n<p>Apari\u00e7\u00e3o:<\/p>\n\n\n\n<p>Liga\u00e7\u00e3o Sobrenatural:<\/p>\n\n\n\n<p>1-2 Magos e 1 Loba, a nova miss\u00e3o: <a href=\"https:\/\/gvcproducoes.e-depo.com.br\/?p=137\" data-type=\"post\" data-id=\"137\">Liga\u00e7\u00e3o Ancestral 1- 2 magos e 1 lobo, a nova miss\u00e3o<\/a><\/p>\n","protected":false},"excerpt":{"rendered":"<p>Vis\u00e3o Geral: Filho de Bryan Lester, \u00e9 um mago com poderes desconhecidos que trabalha com o pai como Rastreador e ca\u00e7ador de Recompensas, melhor amigo de Lucas Prinston e velho amigo de Enid Sinclair. Personalidade: Calmo e observador, ele mant\u00e9m um olhar instenso e frio, sempre disposto a buscar investigar tudo. Hist\u00f3ria: Filho de Bryan [&hellip;]<\/p>\n","protected":false},"author":1,"featured_media":0,"parent":0,"menu_order":0,"comment_status":"closed","ping_status":"closed","template":"","meta":{"footnotes":""},"class_list":["post-386","page","type-page","status-publish","hentry"],"jetpack_sharing_enabled":true,"_links":{"self":[{"href":"https:\/\/gvcproducoes.e-depo.com.br\/index.php?rest_route=\/wp\/v2\/pages\/386","targetHints":{"allow":["GET"]}}],"collection":[{"href":"https:\/\/gvcproducoes.e-depo.com.br\/index.php?rest_route=\/wp\/v2\/pages"}],"about":[{"href":"https:\/\/gvcproducoes.e-depo.com.br\/index.php?rest_route=\/wp\/v2\/types\/page"}],"author":[{"embeddable":true,"href":"https:\/\/gvcproducoes.e-depo.com.br\/index.php?rest_route=\/wp\/v2\/users\/1"}],"replies":[{"embeddable":true,"href":"https:\/\/gvcproducoes.e-depo.com.br\/index.php?rest_route=%2Fwp%2Fv2%2Fcomments&post=386"}],"version-history":[{"count":1,"href":"https:\/\/gvcproducoes.e-depo.com.br\/index.php?rest_route=\/wp\/v2\/pages\/386\/revisions"}],"predecessor-version":[{"id":389,"href":"https:\/\/gvcproducoes.e-depo.com.br\/index.php?rest_route=\/wp\/v2\/pages\/386\/revisions\/389"}],"wp:attachment":[{"href":"https:\/\/gvcproducoes.e-depo.com.br\/index.php?rest_route=%2Fwp%2Fv2%2Fmedia&parent=386"}],"curies":[{"name":"wp","href":"https:\/\/api.w.org\/{rel}","templated":true}]}}