{"id":403,"date":"2026-03-23T10:00:00","date_gmt":"2026-03-23T10:00:00","guid":{"rendered":"https:\/\/gvcproducoes.e-depo.com.br\/?page_id=403"},"modified":"2026-03-23T11:56:01","modified_gmt":"2026-03-23T11:56:01","slug":"projeto-reimagina-gvc","status":"publish","type":"page","link":"https:\/\/gvcproducoes.e-depo.com.br\/?page_id=403","title":{"rendered":"Projeto Reimagina GVC"},"content":{"rendered":"\n<blockquote class=\"wp-block-quote is-layout-flow wp-block-quote-is-layout-flow\">\n<p>Hist\u00f3rias que voc\u00ea conhece. Destinos que voc\u00ea nunca imaginou.<\/p>\n<\/blockquote>\n\n\n\n<p>Esse projeto vai reescrever universos j\u00e1 conhecidos do p\u00fablico, com o objetivo de mostrar uma vers\u00e3o nova e com algumas mudan\u00e7as<\/p>\n\n\n\n<p>N\u00e3o esperem mudan\u00e7as grandes,  s\u00f3 mudan\u00e7as que v\u00e3o modernizar e dar mais conex\u00e3o nesses universos<\/p>\n\n\n\n<p>Universos do Projeto:<\/p>\n\n\n\n<p>Inazuma Eleven Restructure: <\/p>\n\n\n\n<figure class=\"wp-block-image size-large is-resized\"><img fetchpriority=\"high\" decoding=\"async\" width=\"683\" height=\"1024\" src=\"https:\/\/gvcproducoes.e-depo.com.br\/wp-content\/uploads\/2026\/03\/Inazuma-Eleven_-a-batalha-final-683x1024.png\" alt=\"\" class=\"wp-image-412\" style=\"width:515px;height:auto\" srcset=\"https:\/\/gvcproducoes.e-depo.com.br\/wp-content\/uploads\/2026\/03\/Inazuma-Eleven_-a-batalha-final-683x1024.png 683w, https:\/\/gvcproducoes.e-depo.com.br\/wp-content\/uploads\/2026\/03\/Inazuma-Eleven_-a-batalha-final-200x300.png 200w, https:\/\/gvcproducoes.e-depo.com.br\/wp-content\/uploads\/2026\/03\/Inazuma-Eleven_-a-batalha-final-768x1152.png 768w, https:\/\/gvcproducoes.e-depo.com.br\/wp-content\/uploads\/2026\/03\/Inazuma-Eleven_-a-batalha-final.png 1024w\" sizes=\"(max-width: 683px) 100vw, 683px\" \/><\/figure>\n\n\n\n<p>Inspirado em Inazuma Eleven, esse universo tem um personagem original que \u00e9 importante pra unir os 3 arcos do anime, de maneira que n\u00e3o interfira muito no anime, com o Endo sendo mais esperto.<\/p>\n\n\n\n<p>Status: Em andamento<\/p>\n\n\n\n<p>Capitulos: 10<\/p>\n\n\n\n<p>Link do Universo: <a href=\"https:\/\/gvcproducoes.e-depo.com.br\/?page_id=413\" data-type=\"page\" data-id=\"413\">Universo Inazuma Eleven Restructure<\/a><\/p>\n\n\n\n<p><\/p>\n","protected":false},"excerpt":{"rendered":"<p>Hist\u00f3rias que voc\u00ea conhece. Destinos que voc\u00ea nunca imaginou. Esse projeto vai reescrever universos j\u00e1 conhecidos do p\u00fablico, com o objetivo de mostrar uma vers\u00e3o nova e com algumas mudan\u00e7as N\u00e3o esperem mudan\u00e7as grandes, s\u00f3 mudan\u00e7as que v\u00e3o modernizar e dar mais conex\u00e3o nesses universos Universos do Projeto: Inazuma Eleven Restructure: Inspirado em Inazuma Eleven, [&hellip;]<\/p>\n","protected":false},"author":1,"featured_media":0,"parent":0,"menu_order":0,"comment_status":"closed","ping_status":"closed","template":"","meta":{"footnotes":""},"class_list":["post-403","page","type-page","status-publish","hentry"],"jetpack_sharing_enabled":true,"_links":{"self":[{"href":"https:\/\/gvcproducoes.e-depo.com.br\/index.php?rest_route=\/wp\/v2\/pages\/403","targetHints":{"allow":["GET"]}}],"collection":[{"href":"https:\/\/gvcproducoes.e-depo.com.br\/index.php?rest_route=\/wp\/v2\/pages"}],"about":[{"href":"https:\/\/gvcproducoes.e-depo.com.br\/index.php?rest_route=\/wp\/v2\/types\/page"}],"author":[{"embeddable":true,"href":"https:\/\/gvcproducoes.e-depo.com.br\/index.php?rest_route=\/wp\/v2\/users\/1"}],"replies":[{"embeddable":true,"href":"https:\/\/gvcproducoes.e-depo.com.br\/index.php?rest_route=%2Fwp%2Fv2%2Fcomments&post=403"}],"version-history":[{"count":3,"href":"https:\/\/gvcproducoes.e-depo.com.br\/index.php?rest_route=\/wp\/v2\/pages\/403\/revisions"}],"predecessor-version":[{"id":434,"href":"https:\/\/gvcproducoes.e-depo.com.br\/index.php?rest_route=\/wp\/v2\/pages\/403\/revisions\/434"}],"wp:attachment":[{"href":"https:\/\/gvcproducoes.e-depo.com.br\/index.php?rest_route=%2Fwp%2Fv2%2Fmedia&parent=403"}],"curies":[{"name":"wp","href":"https:\/\/api.w.org\/{rel}","templated":true}]}}