{"id":413,"date":"2026-03-23T10:00:00","date_gmt":"2026-03-23T10:00:00","guid":{"rendered":"https:\/\/gvcproducoes.e-depo.com.br\/?page_id=413"},"modified":"2026-03-23T11:55:16","modified_gmt":"2026-03-23T11:55:16","slug":"universo-inazuma-eleven-restructure","status":"publish","type":"page","link":"https:\/\/gvcproducoes.e-depo.com.br\/?page_id=413","title":{"rendered":"Universo Inazuma Eleven Restructure"},"content":{"rendered":"\n<figure class=\"wp-block-image size-large is-resized\"><img fetchpriority=\"high\" decoding=\"async\" width=\"683\" height=\"1024\" src=\"https:\/\/gvcproducoes.e-depo.com.br\/wp-content\/uploads\/2026\/03\/Inazuma-Eleven_-a-batalha-final-1-683x1024.png\" alt=\"\" class=\"wp-image-414\" style=\"aspect-ratio:0.6666666666666666;width:438px;height:auto\" srcset=\"https:\/\/gvcproducoes.e-depo.com.br\/wp-content\/uploads\/2026\/03\/Inazuma-Eleven_-a-batalha-final-1-683x1024.png 683w, https:\/\/gvcproducoes.e-depo.com.br\/wp-content\/uploads\/2026\/03\/Inazuma-Eleven_-a-batalha-final-1-200x300.png 200w, https:\/\/gvcproducoes.e-depo.com.br\/wp-content\/uploads\/2026\/03\/Inazuma-Eleven_-a-batalha-final-1-768x1152.png 768w, https:\/\/gvcproducoes.e-depo.com.br\/wp-content\/uploads\/2026\/03\/Inazuma-Eleven_-a-batalha-final-1.png 1024w\" sizes=\"(max-width: 683px) 100vw, 683px\" \/><\/figure>\n\n\n\n<p>Universo onde reescrevo Inazuma Eleven, com algumas mudan\u00e7as que na minha vis\u00e3o podem melhorar o anime, com um personagem original que vira uma pe\u00e7a importante sem ocupar o lugar dos protagonistas, com um Endo mais esperto.<\/p>\n\n\n\n<p>G\u00eanero: Universo alternativo, esporte, a\u00e7\u00e3o, aventura, futebol, romance.<\/p>\n\n\n\n<p>Fanfics:<\/p>\n\n\n\n<p>1- Inazuma Eleven- FF Arc: <a href=\"https:\/\/gvcproducoes.e-depo.com.br\/?page_id=415\">https:\/\/gvcproducoes.e-depo.com.br\/?page_id=415<\/a><\/p>\n\n\n\n<p>Primeira temporada de Inazuma Eleven Restructure, onde Endo Mamoru busca reerguer a Raimon no futebol, levando eles ao campeonato FF, onde enfrentam times poderosos e enfrentam pessoas perigosas.<\/p>\n","protected":false},"excerpt":{"rendered":"<p>Universo onde reescrevo Inazuma Eleven, com algumas mudan\u00e7as que na minha vis\u00e3o podem melhorar o anime, com um personagem original que vira uma pe\u00e7a importante sem ocupar o lugar dos protagonistas, com um Endo mais esperto. G\u00eanero: Universo alternativo, esporte, a\u00e7\u00e3o, aventura, futebol, romance. Fanfics: 1- Inazuma Eleven- FF Arc: https:\/\/gvcproducoes.e-depo.com.br\/?page_id=415 Primeira temporada de Inazuma [&hellip;]<\/p>\n","protected":false},"author":1,"featured_media":0,"parent":0,"menu_order":0,"comment_status":"closed","ping_status":"closed","template":"","meta":{"footnotes":""},"class_list":["post-413","page","type-page","status-publish","hentry"],"jetpack_sharing_enabled":true,"_links":{"self":[{"href":"https:\/\/gvcproducoes.e-depo.com.br\/index.php?rest_route=\/wp\/v2\/pages\/413","targetHints":{"allow":["GET"]}}],"collection":[{"href":"https:\/\/gvcproducoes.e-depo.com.br\/index.php?rest_route=\/wp\/v2\/pages"}],"about":[{"href":"https:\/\/gvcproducoes.e-depo.com.br\/index.php?rest_route=\/wp\/v2\/types\/page"}],"author":[{"embeddable":true,"href":"https:\/\/gvcproducoes.e-depo.com.br\/index.php?rest_route=\/wp\/v2\/users\/1"}],"replies":[{"embeddable":true,"href":"https:\/\/gvcproducoes.e-depo.com.br\/index.php?rest_route=%2Fwp%2Fv2%2Fcomments&post=413"}],"version-history":[{"count":3,"href":"https:\/\/gvcproducoes.e-depo.com.br\/index.php?rest_route=\/wp\/v2\/pages\/413\/revisions"}],"predecessor-version":[{"id":429,"href":"https:\/\/gvcproducoes.e-depo.com.br\/index.php?rest_route=\/wp\/v2\/pages\/413\/revisions\/429"}],"wp:attachment":[{"href":"https:\/\/gvcproducoes.e-depo.com.br\/index.php?rest_route=%2Fwp%2Fv2%2Fmedia&parent=413"}],"curies":[{"name":"wp","href":"https:\/\/api.w.org\/{rel}","templated":true}]}}