{"id":415,"date":"2026-03-23T10:00:00","date_gmt":"2026-03-23T10:00:00","guid":{"rendered":"https:\/\/gvcproducoes.e-depo.com.br\/?page_id=415"},"modified":"2026-03-22T11:43:20","modified_gmt":"2026-03-22T11:43:20","slug":"inazuma-eleven-restructure-arco-ff","status":"publish","type":"page","link":"https:\/\/gvcproducoes.e-depo.com.br\/?page_id=415","title":{"rendered":"Inazuma Eleven Restructure- Arco FF"},"content":{"rendered":"\n<figure class=\"wp-block-image size-large is-resized\"><img fetchpriority=\"high\" decoding=\"async\" width=\"683\" height=\"1024\" src=\"https:\/\/gvcproducoes.e-depo.com.br\/wp-content\/uploads\/2026\/03\/ChatGPT-Image-21-de-mar.-de-2026-19_25_12-683x1024.png\" alt=\"\" class=\"wp-image-417\" style=\"width:546px;height:auto\" srcset=\"https:\/\/gvcproducoes.e-depo.com.br\/wp-content\/uploads\/2026\/03\/ChatGPT-Image-21-de-mar.-de-2026-19_25_12-683x1024.png 683w, https:\/\/gvcproducoes.e-depo.com.br\/wp-content\/uploads\/2026\/03\/ChatGPT-Image-21-de-mar.-de-2026-19_25_12-200x300.png 200w, https:\/\/gvcproducoes.e-depo.com.br\/wp-content\/uploads\/2026\/03\/ChatGPT-Image-21-de-mar.-de-2026-19_25_12-768x1152.png 768w, https:\/\/gvcproducoes.e-depo.com.br\/wp-content\/uploads\/2026\/03\/ChatGPT-Image-21-de-mar.-de-2026-19_25_12.png 1024w\" sizes=\"(max-width: 683px) 100vw, 683px\" \/><\/figure>\n\n\n\n<p>Sinopse: Acompanhe essa primeira temporada, onde um jovem jogador de futebol chamado Endo Mamoru busca reerguer seu time da escola, liderando eles rumo ao famoso FF, enfrentando times poderosos, treinando muito, usando t\u00e9cnicas especiais, e o mais importante: o amor pelo futebol.<\/p>\n\n\n\n<p>Esperem um Endo mais esperto, desenvolvimento melhor de alguns personagens e um personagem original que vai ajudar muito o nosso goleiro favorito.<\/p>\n\n\n\n<p>G\u00eanero: Universo alternativo, esporte, a\u00e7\u00e3o, aventura, futebol, romance.<\/p>\n\n\n\n<p>Status: Em andamento.<\/p>\n\n\n\n<p>Lista de capitulos:<\/p>\n\n\n\n<p>1- Vamos jogar futebol!!:<\/p>\n","protected":false},"excerpt":{"rendered":"<p>Sinopse: Acompanhe essa primeira temporada, onde um jovem jogador de futebol chamado Endo Mamoru busca reerguer seu time da escola, liderando eles rumo ao famoso FF, enfrentando times poderosos, treinando muito, usando t\u00e9cnicas especiais, e o mais importante: o amor pelo futebol. Esperem um Endo mais esperto, desenvolvimento melhor de alguns personagens e um personagem [&hellip;]<\/p>\n","protected":false},"author":1,"featured_media":0,"parent":0,"menu_order":0,"comment_status":"closed","ping_status":"closed","template":"","meta":{"footnotes":""},"class_list":["post-415","page","type-page","status-publish","hentry"],"jetpack_sharing_enabled":true,"_links":{"self":[{"href":"https:\/\/gvcproducoes.e-depo.com.br\/index.php?rest_route=\/wp\/v2\/pages\/415","targetHints":{"allow":["GET"]}}],"collection":[{"href":"https:\/\/gvcproducoes.e-depo.com.br\/index.php?rest_route=\/wp\/v2\/pages"}],"about":[{"href":"https:\/\/gvcproducoes.e-depo.com.br\/index.php?rest_route=\/wp\/v2\/types\/page"}],"author":[{"embeddable":true,"href":"https:\/\/gvcproducoes.e-depo.com.br\/index.php?rest_route=\/wp\/v2\/users\/1"}],"replies":[{"embeddable":true,"href":"https:\/\/gvcproducoes.e-depo.com.br\/index.php?rest_route=%2Fwp%2Fv2%2Fcomments&post=415"}],"version-history":[{"count":3,"href":"https:\/\/gvcproducoes.e-depo.com.br\/index.php?rest_route=\/wp\/v2\/pages\/415\/revisions"}],"predecessor-version":[{"id":427,"href":"https:\/\/gvcproducoes.e-depo.com.br\/index.php?rest_route=\/wp\/v2\/pages\/415\/revisions\/427"}],"wp:attachment":[{"href":"https:\/\/gvcproducoes.e-depo.com.br\/index.php?rest_route=%2Fwp%2Fv2%2Fmedia&parent=415"}],"curies":[{"name":"wp","href":"https:\/\/api.w.org\/{rel}","templated":true}]}}