{"id":76,"date":"2025-12-15T15:02:07","date_gmt":"2025-12-15T15:02:07","guid":{"rendered":"http:\/\/gvcproducoes.e-depo.com.br\/?page_id=76"},"modified":"2026-01-04T11:43:13","modified_gmt":"2026-01-04T11:43:13","slug":"inicio","status":"publish","type":"page","link":"https:\/\/gvcproducoes.e-depo.com.br\/?page_id=76","title":{"rendered":"Inicio"},"content":{"rendered":"<form role=\"search\" method=\"get\" action=\"https:\/\/gvcproducoes.e-depo.com.br\/\" class=\"wp-block-search__button-outside wp-block-search__text-button wp-block-search\"    ><label class=\"wp-block-search__label screen-reader-text\" for=\"wp-block-search__input-1\" >Pesquisar<\/label><div class=\"wp-block-search__inside-wrapper\"  style=\"width: 800px\"><input class=\"wp-block-search__input\" id=\"wp-block-search__input-1\" placeholder=\"Busque fanfics, hist\u00f3rias, universos...\" value=\"\" type=\"search\" name=\"s\" required \/><button aria-label=\"Pesquisar\" class=\"wp-block-search__button wp-element-button\" type=\"submit\" >Pesquisar<\/button><\/div><\/form>\n\n\n<p class=\"has-text-color has-background has-link-color wp-elements-0d6a0f74150412e4cf20d4f682cd5aad\" style=\"color:#4a1bcc;background-color:#d6d43c\">Bem vindo a GVC Produ\u00e7\u00f5es, um site onde eu, Guilherme Vaisman da Concei\u00e7\u00e3o, publicarei minhas melhores fanfics e hist\u00f3rias originais que j\u00e1 criei<\/p>\n\n\n\n<p>Na p\u00e1gina Universos, tem todos os Universos de fanfics e originais que desenvolvidos.<\/p>\n\n\n\n<p>Na p\u00e1gina Fanfics, tem todas as minhas fanfics especificas, independente se \u00e9 de anime, independente se \u00e9 sobre a vida real, como o Universo Vaisman, onde ter\u00e1 celebridades, atletas, empresas e marcas da vida real.<\/p>\n\n\n\n<p>Na p\u00e1gina Hist\u00f3rias Originais est\u00e3o todas as minhas hist\u00f3rias originais, onde tudo que est\u00e1 escrito l\u00e1 sai da minha cabe\u00e7a, e onde ter\u00e1 exclusividade pra quem pagar um dos 3 planos a partir do 3\u00ba capitulo.<\/p>\n\n\n\n<p>Na p\u00e1gina planos, tem todos os 3 planos disponiveis, todos tem os mesmos beneficios: acesso a todos os capitulos das hist\u00f3rias originais a partir do 3\u00ba cap\u00edtulo, uma reuniao no meet e uma p\u00e1gina com bastidores das hist\u00f3rias e fanfics.<\/p>\n\n\n\n<p>Na p\u00e1gina avisos &amp; atualiza\u00e7\u00f5es, ter\u00e1 avisos sobre novos universos, novas hist\u00f3rias, al\u00e9m de atualiza\u00e7\u00f5es sobre capitulos das fanfics e hist\u00f3rias j\u00e1 feitos.<\/p>\n\n\n\n<p>Na p\u00e1gina Sobe\/Contato tem um breve texto contando um pouco do CEO e escritor Guilherme Vaisman, al\u00e9m do e-mail da GVC Produ\u00e7\u00f5es.<\/p>\n\n\n\n<p>Leiam, se divirtam, se emocionem, mas acima de tudo, desejamos do fundo do cora\u00e7\u00e3o que gostem das hist\u00f3rias.<\/p>\n","protected":false},"excerpt":{"rendered":"<p>Bem vindo a GVC Produ\u00e7\u00f5es, um site onde eu, Guilherme Vaisman da Concei\u00e7\u00e3o, publicarei minhas melhores fanfics e hist\u00f3rias originais que j\u00e1 criei Na p\u00e1gina Universos, tem todos os Universos de fanfics e originais que desenvolvidos. Na p\u00e1gina Fanfics, tem todas as minhas fanfics especificas, independente se \u00e9 de anime, independente se \u00e9 sobre a [&hellip;]<\/p>\n","protected":false},"author":1,"featured_media":0,"parent":0,"menu_order":0,"comment_status":"closed","ping_status":"closed","template":"","meta":{"footnotes":""},"class_list":["post-76","page","type-page","status-publish","hentry"],"jetpack_sharing_enabled":true,"_links":{"self":[{"href":"https:\/\/gvcproducoes.e-depo.com.br\/index.php?rest_route=\/wp\/v2\/pages\/76","targetHints":{"allow":["GET"]}}],"collection":[{"href":"https:\/\/gvcproducoes.e-depo.com.br\/index.php?rest_route=\/wp\/v2\/pages"}],"about":[{"href":"https:\/\/gvcproducoes.e-depo.com.br\/index.php?rest_route=\/wp\/v2\/types\/page"}],"author":[{"embeddable":true,"href":"https:\/\/gvcproducoes.e-depo.com.br\/index.php?rest_route=\/wp\/v2\/users\/1"}],"replies":[{"embeddable":true,"href":"https:\/\/gvcproducoes.e-depo.com.br\/index.php?rest_route=%2Fwp%2Fv2%2Fcomments&post=76"}],"version-history":[{"count":6,"href":"https:\/\/gvcproducoes.e-depo.com.br\/index.php?rest_route=\/wp\/v2\/pages\/76\/revisions"}],"predecessor-version":[{"id":262,"href":"https:\/\/gvcproducoes.e-depo.com.br\/index.php?rest_route=\/wp\/v2\/pages\/76\/revisions\/262"}],"wp:attachment":[{"href":"https:\/\/gvcproducoes.e-depo.com.br\/index.php?rest_route=%2Fwp%2Fv2%2Fmedia&parent=76"}],"curies":[{"name":"wp","href":"https:\/\/api.w.org\/{rel}","templated":true}]}}