{"id":85,"date":"2025-12-16T13:55:17","date_gmt":"2025-12-16T13:55:17","guid":{"rendered":"http:\/\/gvcproducoes.e-depo.com.br\/?page_id=85"},"modified":"2025-12-24T18:04:39","modified_gmt":"2025-12-24T18:04:39","slug":"historias-originais","status":"publish","type":"page","link":"https:\/\/gvcproducoes.e-depo.com.br\/?page_id=85","title":{"rendered":"Hist\u00f3rias Originais"},"content":{"rendered":"\n<p>A volta da F\u00eanix<\/p>\n\n\n\n<figure class=\"wp-block-image size-large is-resized\"><img fetchpriority=\"high\" decoding=\"async\" width=\"683\" height=\"1024\" src=\"https:\/\/gvcproducoes.e-depo.com.br\/wp-content\/uploads\/2025\/12\/ChatGPT-Image-18-de-dez.-de-2025-14_02_23-3-683x1024.png\" alt=\"\" class=\"wp-image-225\" style=\"width:421px;height:auto\" srcset=\"https:\/\/gvcproducoes.e-depo.com.br\/wp-content\/uploads\/2025\/12\/ChatGPT-Image-18-de-dez.-de-2025-14_02_23-3-683x1024.png 683w, https:\/\/gvcproducoes.e-depo.com.br\/wp-content\/uploads\/2025\/12\/ChatGPT-Image-18-de-dez.-de-2025-14_02_23-3-200x300.png 200w, https:\/\/gvcproducoes.e-depo.com.br\/wp-content\/uploads\/2025\/12\/ChatGPT-Image-18-de-dez.-de-2025-14_02_23-3-768x1152.png 768w, https:\/\/gvcproducoes.e-depo.com.br\/wp-content\/uploads\/2025\/12\/ChatGPT-Image-18-de-dez.-de-2025-14_02_23-3.png 1024w\" sizes=\"(max-width: 683px) 100vw, 683px\" \/><\/figure>\n\n\n\n<p>Sinopse: Trinta anos ap\u00f3s a gloriosa conquista do campeonato estadual de 1992 pela equipe de basquete da John Wills High School, a escola encontra-se em um momento de reden\u00e7\u00e3o. Sob a press\u00e3o do legado vitorioso, a nova gera\u00e7\u00e3o de jogadores, liderada pelo armador que \u00e9 nada menos que o filho do capit\u00e3o daquela equipe hist\u00f3rica, enfrenta o desafio de trazer de volta \u00e0 escola o prest\u00edgio perdido nos anos subsequentes. Com a sombra da grandeza de seu pai pairando sobre ele, o jovem talento busca n\u00e3o apenas alcan\u00e7ar o sucesso esportivo, mas tamb\u00e9m honrar a mem\u00f3ria e o legado de sua fam\u00edlia. Enquanto a equipe se esfor\u00e7a para superar adversidades, rivalidades e as pr\u00f3prias inseguran\u00e7as, a hist\u00f3ria de determina\u00e7\u00e3o, coragem e esp\u00edrito de equipe se desenrola, prometendo n\u00e3o apenas uma temporada emocionante, mas tamb\u00e9m uma jornada inspiradora de reden\u00e7\u00e3o e descoberta pessoal.<\/p>\n\n\n\n<p>G\u00eanero: Drama esportivo, drama escolar, romance, esportes<\/p>\n\n\n\n<p>Status: Em andamento<\/p>\n\n\n\n<p>Universo: F\u00eanix<\/p>\n\n\n\n<p>Link: <a href=\"https:\/\/gvcproducoes.e-depo.com.br\/?page_id=172\">https:\/\/gvcproducoes.e-depo.com.br\/?page_id=172<\/a><\/p>\n\n\n\n<p><\/p>\n","protected":false},"excerpt":{"rendered":"<p>A volta da F\u00eanix Sinopse: Trinta anos ap\u00f3s a gloriosa conquista do campeonato estadual de 1992 pela equipe de basquete da John Wills High School, a escola encontra-se em um momento de reden\u00e7\u00e3o. Sob a press\u00e3o do legado vitorioso, a nova gera\u00e7\u00e3o de jogadores, liderada pelo armador que \u00e9 nada menos que o filho do [&hellip;]<\/p>\n","protected":false},"author":1,"featured_media":0,"parent":0,"menu_order":0,"comment_status":"closed","ping_status":"closed","template":"","meta":{"footnotes":""},"class_list":["post-85","page","type-page","status-publish","hentry"],"jetpack_sharing_enabled":true,"_links":{"self":[{"href":"https:\/\/gvcproducoes.e-depo.com.br\/index.php?rest_route=\/wp\/v2\/pages\/85","targetHints":{"allow":["GET"]}}],"collection":[{"href":"https:\/\/gvcproducoes.e-depo.com.br\/index.php?rest_route=\/wp\/v2\/pages"}],"about":[{"href":"https:\/\/gvcproducoes.e-depo.com.br\/index.php?rest_route=\/wp\/v2\/types\/page"}],"author":[{"embeddable":true,"href":"https:\/\/gvcproducoes.e-depo.com.br\/index.php?rest_route=\/wp\/v2\/users\/1"}],"replies":[{"embeddable":true,"href":"https:\/\/gvcproducoes.e-depo.com.br\/index.php?rest_route=%2Fwp%2Fv2%2Fcomments&post=85"}],"version-history":[{"count":2,"href":"https:\/\/gvcproducoes.e-depo.com.br\/index.php?rest_route=\/wp\/v2\/pages\/85\/revisions"}],"predecessor-version":[{"id":227,"href":"https:\/\/gvcproducoes.e-depo.com.br\/index.php?rest_route=\/wp\/v2\/pages\/85\/revisions\/227"}],"wp:attachment":[{"href":"https:\/\/gvcproducoes.e-depo.com.br\/index.php?rest_route=%2Fwp%2Fv2%2Fmedia&parent=85"}],"curies":[{"name":"wp","href":"https:\/\/api.w.org\/{rel}","templated":true}]}}